{"id":12,"date":"2015-09-15T10:55:33","date_gmt":"2015-09-15T10:55:33","guid":{"rendered":"https:\/\/www.elkezeitlos.de\/wordpress\/?page_id=12"},"modified":"2024-02-28T19:39:54","modified_gmt":"2024-02-28T19:39:54","slug":"yoga","status":"publish","type":"page","link":"https:\/\/www.elkezeitlos.de\/wordpress\/yoga\/","title":{"rendered":"Yoga"},"content":{"rendered":"<div class=\"wp-block-image\">\n<figure class=\"alignright\"><img decoding=\"async\" src=\"https:\/\/www.elkezeitlos.de\/wordpress\/wp-content\/uploads\/2015\/09\/yoga_500.jpg\" alt=\"elke jentschke yogabild\"\/><\/figure><\/div>\n\n\n<h4><span style=\"color: #730021;\">So verstehe ich Yoga<\/span><\/h4>\n\n\n\n<p>Wir haben unsere eigenen K\u00f6rpererfahrungen auf verschiedensten Ebenen. In einer Yoga-Session begegnen wir uns. Im gemeinsamen TUN entsteht Neues.<\/p>\n\n\n\n<p>Von 2003 bis 2007 habe ich bei Mario Freivogel eine Hatha-Yoga und Kundalini-Yoga Ausbildung absolviert und die Grundlagen des Qi Gong, Tai Chi und Shaolin Chi Kempo erlernt. In meinem Gruppenunterricht lege ich den Fokus auf den K\u00f6rper und die  Selbstwahrnehmung. Das wird erg\u00e4nzt durch Elemente zur Entspannung, Muskeltraining, Atmung und f\u00fchrt zu einer Verbesserung der Beweglichkeit.<\/p>\n\n\n\n<p><span style=\"font-size: large;\"><span style=\"color: #730021;\">Dazu braucht es ZEIT &#8212; BEWEGUNG &#8212; RAUM.<\/span><\/span><\/p>\n\n\n\n<p>Je freier wir beim \u00dcben werden, um so mehr kann ein erfrischendes Spiel \u2013 ein Tanz mit den Elementen \u2013 entstehen. M\u00f6glichkeiten zeigen sich. In unserer Kreativit\u00e4t erfahren wir die Verbundenheit mit anderen Menschen, dem Raum und der eigenen Stimmung. Deshalb entwickelt sich eine Yoga-Session immer etwas anders. Die Grundbausteine bleiben bestehen: Innere Ruhe, den Atem sp\u00fcrbar erleben, die Muskeln st\u00e4rken,<br>unsere Beweglichkeit verbessern &#8211; Freude und Lust am Tun erleben!<\/p>\n\n\n\n<p><span style=\"color: #730021;\">Dieses inspirierende Erlebnis ist ein Gl\u00fccksmoment.<\/span><\/p>\n\n\n\n<p>Meine langj\u00e4hrige Erfahrung im Unterrichten mit unterschiedlichsten Menschen erlaubt das sch\u00f6pferische Zusammenspiel aller! <\/p>\n\n\n\n<p><span style=\"color: #730021;\">In jeder Yoga-Stunde begegnen wir uns und den Anderen&#8230;<\/span><\/p>\n\n\n\n<h2>Kurstermine<\/h2>\n\n\n\n<figure class=\"wp-block-image size-large\"><a href=\"https:\/\/www.elkezeitlos.de\/wordpress\/wp-content\/uploads\/2018\/07\/elke_jentschke_slider.jpg\"><img decoding=\"async\" loading=\"lazy\" width=\"1024\" height=\"575\" src=\"https:\/\/www.elkezeitlos.de\/wordpress\/wp-content\/uploads\/2018\/07\/elke_jentschke_slider-1024x575.jpg\" alt=\"Elke Jentschke Slider2\" class=\"wp-image-429\" srcset=\"https:\/\/www.elkezeitlos.de\/wordpress\/wp-content\/uploads\/2018\/07\/elke_jentschke_slider-1024x575.jpg 1024w, https:\/\/www.elkezeitlos.de\/wordpress\/wp-content\/uploads\/2018\/07\/elke_jentschke_slider-300x168.jpg 300w, https:\/\/www.elkezeitlos.de\/wordpress\/wp-content\/uploads\/2018\/07\/elke_jentschke_slider-768x431.jpg 768w, https:\/\/www.elkezeitlos.de\/wordpress\/wp-content\/uploads\/2018\/07\/elke_jentschke_slider.jpg 1171w\" sizes=\"(max-width: 1024px) 100vw, 1024px\" \/><\/a><\/figure>\n\n\n\n<h4>Der Einstieg ist jederzeit m\u00f6glich \u2026 ich freue mich \u00fcber Menschen, die gerne dabei sein wollen!<\/h4>\n\n\n\n<p><\/p>\n\n\n\n<p>Am <strong>Donnerstag<\/strong> in der Physiotherapiepraxis<\/p>\n\n\n\n<p>19:30 Uhr \u2013 21:00 Uhr<\/p>\n\n\n\n<p>Adresse: <strong>Physiotherapie Lichterfelde-West<\/strong><\/p>\n\n\n\n<p>Finckensteinallee 36, 12205 Berlin<\/p>\n\n\n\n<p><\/p>\n\n\n\n<p>Anmeldung &amp; mehr Information: 0152\/08209830<\/p>\n\n\n\n<p><span style=\"color: #730021;\"><strong>Eine Probestunde ist jederzeit m\u00f6glich!<\/strong><\/span><\/p>\n\n\n\n<p><\/p>\n\n\n\n<h2>Kosten<\/h2>\n\n\n\n<p>Die erste Probestunde ist kostenfrei!<br><strong>18 Euro f\u00fcr Einzelbuchungen<\/strong> (90 min)<br><strong>150 Euro f\u00fcr eine 10-Karte<\/strong> ( 10 \u00dcbungseinheiten \u00e0 90 min), diese ist ein halbes Jahr ab der ersten \u00dcbungseinheit g\u00fcltig.<\/p>\n\n\n\n<p>Wer eine neue Person mitbringt, die an einem Kurs teilnimmt, reduziert einmalig seinen Teilnehmerbetrag um 10%.<\/p>\n\n\n\n<figure class=\"wp-block-image\"><img decoding=\"async\" loading=\"lazy\" width=\"300\" height=\"185\" src=\"https:\/\/www.elkezeitlos.de\/wordpress\/wp-content\/uploads\/2015\/10\/einsteigerpaket-300x185.jpg\" alt=\"elke jentschke einsteigerpaket\" class=\"wp-image-96\"\/><\/figure>\n\n\n\n<p><\/p>\n\n\n\n<p><span style=\"font-size: medium;\">&nbsp;<\/span><\/p>\n","protected":false},"excerpt":{"rendered":"<p>So verstehe ich Yoga Wir haben unsere eigenen K\u00f6rpererfahrungen auf verschiedensten Ebenen. In einer Yoga-Session begegnen wir uns. Im gemeinsamen TUN entsteht Neues. Von 2003 bis 2007 habe ich bei Mario Freivogel eine Hatha-Yoga und Kundalini-Yoga Ausbildung absolviert und die Grundlagen des Qi Gong, Tai Chi und Shaolin Chi Kempo erlernt. In meinem Gruppenunterricht lege [&hellip;]<\/p>\n","protected":false},"author":2,"featured_media":0,"parent":0,"menu_order":0,"comment_status":"closed","ping_status":"open","template":"template-fullwidth.php","meta":[],"_links":{"self":[{"href":"https:\/\/www.elkezeitlos.de\/wordpress\/wp-json\/wp\/v2\/pages\/12"}],"collection":[{"href":"https:\/\/www.elkezeitlos.de\/wordpress\/wp-json\/wp\/v2\/pages"}],"about":[{"href":"https:\/\/www.elkezeitlos.de\/wordpress\/wp-json\/wp\/v2\/types\/page"}],"author":[{"embeddable":true,"href":"https:\/\/www.elkezeitlos.de\/wordpress\/wp-json\/wp\/v2\/users\/2"}],"replies":[{"embeddable":true,"href":"https:\/\/www.elkezeitlos.de\/wordpress\/wp-json\/wp\/v2\/comments?post=12"}],"version-history":[{"count":44,"href":"https:\/\/www.elkezeitlos.de\/wordpress\/wp-json\/wp\/v2\/pages\/12\/revisions"}],"predecessor-version":[{"id":659,"href":"https:\/\/www.elkezeitlos.de\/wordpress\/wp-json\/wp\/v2\/pages\/12\/revisions\/659"}],"wp:attachment":[{"href":"https:\/\/www.elkezeitlos.de\/wordpress\/wp-json\/wp\/v2\/media?parent=12"}],"curies":[{"name":"wp","href":"https:\/\/api.w.org\/{rel}","templated":true}]}}