{"id":14,"date":"2015-09-15T10:55:55","date_gmt":"2015-09-15T10:55:55","guid":{"rendered":"https:\/\/www.elkezeitlos.de\/wordpress\/?page_id=14"},"modified":"2019-07-15T13:51:04","modified_gmt":"2019-07-15T13:51:04","slug":"reflexologie","status":"publish","type":"page","link":"https:\/\/www.elkezeitlos.de\/wordpress\/reflexologie\/","title":{"rendered":"Reflexologie"},"content":{"rendered":"\n<p>Da die Ber\u00fchrung an F\u00fc\u00dfen, H\u00e4nden und Ohren eine so besondere Wirkkraft haben kann, liegt mir diese  &#8222;einfache&#8220; Arbeit besonders am Herzen. Ich bin Mitglied und zur Zeit erste Vorsitzende im Deutschen Reflexologen Verein.<\/p>\n\n\n\n<h2><figure><img decoding=\"async\" loading=\"lazy\" class=\"alignnone size-full wp-image-279\" src=\"https:\/\/www.elkezeitlos.de\/wordpress\/wp-content\/uploads\/2015\/09\/refelexologie-web-1.jpg\" alt=\"Elke Jentschke Reflexologie\" width=\"1147\" height=\"450\"><\/figure><span style=\"color: #000000;\">Die<\/span> <span style=\"color: #bf4c69;\">Reflexologie<\/span> <span style=\"color: #000000;\">ist ein Instrument, um verschiedene Bereiche im Menschen anzusprechen.<\/span><\/h2>\n\n\n\n<p><span style=\"color: #000000;\">Jemand ist gestresst und findet nicht in den Schlaf? (z.B. auch Kinder, die unruhig sind und noch viel spielen wollen, obwohl der Tag zu Ende geht\u2026)<\/span><br><span style=\"color: #000000;\">Wollen wir N\u00e4he zu einem Menschen zum Ausdruck bringen?<\/span><br><span style=\"color: #000000;\">In der Partnerschaft, auch unter Freund\/inn\/en oder bei alten, bettl\u00e4grigen Menschen.<\/span><br><span style=\"color: #000000;\">Es gibt viele Gr\u00fcnde, die dazu f\u00fchren k\u00f6nnen, die F\u00fc\u00dfe eines anderen Menschen in die Hand zu nehmen.<\/span><\/p>\n\n\n\n<p><span style=\"color: #000000;\"><strong>Inhalte:<\/strong><\/span><\/p>\n\n\n\n<ul><li><span style=\"color: #000000;\">Entdecken der eigenen F\u00fc\u00dfe auf eine neue Art.<\/span><\/li><li><span style=\"color: #000000;\">Kennenlernen verschiedener Fu\u00dfzonen und ihrer Bedeutung<\/span><\/li><li><span style=\"color: #000000;\">Erlernen verschiedener Grifftechniken<\/span><\/li><li><span style=\"color: #000000;\">Einen m\u00f6glichen Behandlungsablauf erfahren und selbst praktizieren<\/span><\/li><li><span style=\"color: #000000;\">Welche Schwierigkeiten k\u00f6nnen auftreten?<\/span><\/li><li><span style=\"color: #000000;\">Wie kann ich meine Sensibilit\u00e4t in mir und beim anderen wahrnehmen?<\/span><\/li><li><span style=\"color: #000000;\">Wie organisiere ich mir einen guten Behandlungsplatz?<\/span><\/li><li><span style=\"color: #000000;\">Was ist f\u00fcr eine gewinnbringende Harmonisierung der Reflexe n\u00f6tig?<\/span><\/li><li><span style=\"color: #000000;\">Meine ganz pers\u00f6nliche Herangehensweise herausfinden<\/span><\/li><\/ul>\n\n\n\n<p><span style=\"color: #000000;\">Es gilt <strong>\u00e4u\u00dfere und innere Berge<\/strong> zu <strong>besteigen<\/strong> &#8211; dazu brauchen wir eine Vorgehensweise, die allerdings den \u201eWetterbedingungen\u201c des jeweiligen Augenblicks angepasst werden sollten. In welcher Stimmung gehen wir? F\u00fchlen wir uns getrieben, oder haben wir Zeit zum Wachsen und Wandern? Mit unserem Gegen\u00fcber in Einklang kommen, das ist eine Herausforderung, die wir durch die Kommunikation \u00fcber die F\u00fc\u00dfe erlangen k\u00f6nnen. Auftretenden Schwierigkeiten eben nicht aus dem Weg gehe<\/span>n.<\/p>\n\n\n\n<p><span style=\"color: #bf4c69;\">DAS TUN SELBST IST DIE KUNST.<\/span><\/p>\n\n\n\n<p><span style=\"color: #000000;\"><strong>Durch das Teilen der Erfahrungen mit Anderen schaffen wir uns einen Erfahrungsschatz!<\/strong><\/span><br><span style=\"color: #000000;\">Mit der Zeit erstellen wir eine Landkarte der Erfahrungen, auch dazu brauchen wir die Hilfe unserer Reisegef\u00e4hrten. R\u00fcckmeldungen!!!<\/span><br><span style=\"color: #000000;\">Im Fluss des Geschehens\u2026 mal langsam, mal schnell\u2026 mal st\u00e4rker, mal schw\u00e4cherer Druck\u2026<\/span><br><span style=\"color: #000000;\">Was bewirkt es in meinem Gegen\u00fcber? Solange es in keine Schmerzfelder geht, kann es nicht schaden!<\/span><br><span style=\"color: #000000;\">Jeder Fu\u00df ist ein bisschen anders, alles ist verschieden und trotzdem erzeugt es die gew\u00fcnschte Wirkung?!<\/span><\/p>\n\n\n\n<p><span style=\"color: #bf4c69;\">Wir besteigen den Berg gemeinsam, mit viel Spa\u00df und Freude!<\/span><\/p>\n","protected":false},"excerpt":{"rendered":"<p>Da die Ber\u00fchrung an F\u00fc\u00dfen, H\u00e4nden und Ohren eine so besondere Wirkkraft haben kann, liegt mir diese &#8222;einfache&#8220; Arbeit besonders am Herzen. Ich bin Mitglied und zur Zeit erste Vorsitzende im Deutschen Reflexologen Verein. Die Reflexologie ist ein Instrument, um verschiedene Bereiche im Menschen anzusprechen. Jemand ist gestresst und findet nicht in den Schlaf? (z.B. [&hellip;]<\/p>\n","protected":false},"author":2,"featured_media":0,"parent":0,"menu_order":0,"comment_status":"closed","ping_status":"open","template":"template-fullwidth.php","meta":[],"_links":{"self":[{"href":"https:\/\/www.elkezeitlos.de\/wordpress\/wp-json\/wp\/v2\/pages\/14"}],"collection":[{"href":"https:\/\/www.elkezeitlos.de\/wordpress\/wp-json\/wp\/v2\/pages"}],"about":[{"href":"https:\/\/www.elkezeitlos.de\/wordpress\/wp-json\/wp\/v2\/types\/page"}],"author":[{"embeddable":true,"href":"https:\/\/www.elkezeitlos.de\/wordpress\/wp-json\/wp\/v2\/users\/2"}],"replies":[{"embeddable":true,"href":"https:\/\/www.elkezeitlos.de\/wordpress\/wp-json\/wp\/v2\/comments?post=14"}],"version-history":[{"count":65,"href":"https:\/\/www.elkezeitlos.de\/wordpress\/wp-json\/wp\/v2\/pages\/14\/revisions"}],"predecessor-version":[{"id":540,"href":"https:\/\/www.elkezeitlos.de\/wordpress\/wp-json\/wp\/v2\/pages\/14\/revisions\/540"}],"wp:attachment":[{"href":"https:\/\/www.elkezeitlos.de\/wordpress\/wp-json\/wp\/v2\/media?parent=14"}],"curies":[{"name":"wp","href":"https:\/\/api.w.org\/{rel}","templated":true}]}}