{"id":20,"date":"2015-09-15T10:57:17","date_gmt":"2015-09-15T10:57:17","guid":{"rendered":"https:\/\/www.elkezeitlos.de\/wordpress\/?page_id=20"},"modified":"2024-02-28T19:33:17","modified_gmt":"2024-02-28T19:33:17","slug":"impressum","status":"publish","type":"page","link":"https:\/\/www.elkezeitlos.de\/wordpress\/impressum\/","title":{"rendered":"Impressum"},"content":{"rendered":"<p style=\"text-align: center;\"><strong>\u00a0<\/strong><\/p>\n<p style=\"text-align: center;\"><span style=\"color: #b41b51;\">Elke Gottlieb<\/span><\/p>\n<p style=\"text-align: center;\"><strong>Aquariana<\/strong><br \/>\n<strong>Praxis- und Seminarzentrum<\/strong><br \/>\nAm Tempelhofer Berg 7d<br \/>\n10965 Berlin-Kreuzberg<\/p>\n<p style=\"text-align: center;\"><a href=\"https:\/\/www.aquariana.de\/kontakt\/anfahrt\">Informationen zur Anfahrt<\/a><\/p>\n<p style=\"text-align: center;\"><span style=\"color: #b41b51;\">Telefon:<\/span><br \/>\n0152\/08209830<\/p>\n<p style=\"text-align: center;\"><span style=\"color: #b41b51;\">E-Mail:<\/span><br \/>\nelkezeitlos (at) gmail.com<\/p>\n<p style=\"text-align: center;\"><strong>Online-Streitbeilegung<\/strong><br \/>\nDie Europ\u00e4ische Kommission stellt<br \/>\nunter https:\/\/ec.europa.eu\/consumers\/odr\/ eine Plattform zur Online-Streitbeilegung bereit,<br \/>\ndie Verbraucher f\u00fcr die Beilegung einer Streitigkeit nutzen k\u00f6nnen<br \/>\nund auf der weitere Informationen zum Thema Streitschlichtung zu finden sind.<\/p>\n<p style=\"text-align: center;\"><strong>Au\u00dfergerichtliche Streitbeilegung<\/strong><br \/>\nWir sind weder verpflichtet noch dazu bereit,<br \/>\nim Falle einer Streitigkeit mit einem Verbraucher<br \/>\nan einem Streitbeilegungsverfahren<br \/>\nvor einer Verbraucherschlichtungsstelle teilzunehmen.<\/p>\n<p style=\"text-align: center;\"><span style=\"color: #b41b51;\">Steuernummer:<\/span><br \/>\nUSt-IdNr. DE253988500<\/p>\n<p style=\"text-align: center;\">Dank f\u00fcr die Portraitfotos an<\/p>\n<p style=\"text-align: center;\">Chiara Doveri Photography<\/p>\n<p style=\"text-align: center;\">Copyright f\u00fcr die gemalten Bilder by Elke Jentschke \u00a9<\/p>\n","protected":false},"excerpt":{"rendered":"<p>\u00a0 Elke Gottlieb Aquariana Praxis- und Seminarzentrum Am Tempelhofer Berg 7d 10965 Berlin-Kreuzberg Informationen zur Anfahrt Telefon: 0152\/08209830 E-Mail: elkezeitlos (at) gmail.com Online-Streitbeilegung Die Europ\u00e4ische Kommission stellt unter https:\/\/ec.europa.eu\/consumers\/odr\/ eine Plattform zur Online-Streitbeilegung bereit, die Verbraucher f\u00fcr die Beilegung einer Streitigkeit nutzen k\u00f6nnen und auf der weitere Informationen zum Thema Streitschlichtung zu finden sind. Au\u00dfergerichtliche [&hellip;]<\/p>\n","protected":false},"author":2,"featured_media":0,"parent":0,"menu_order":0,"comment_status":"closed","ping_status":"closed","template":"template-fullwidth.php","meta":[],"_links":{"self":[{"href":"https:\/\/www.elkezeitlos.de\/wordpress\/wp-json\/wp\/v2\/pages\/20"}],"collection":[{"href":"https:\/\/www.elkezeitlos.de\/wordpress\/wp-json\/wp\/v2\/pages"}],"about":[{"href":"https:\/\/www.elkezeitlos.de\/wordpress\/wp-json\/wp\/v2\/types\/page"}],"author":[{"embeddable":true,"href":"https:\/\/www.elkezeitlos.de\/wordpress\/wp-json\/wp\/v2\/users\/2"}],"replies":[{"embeddable":true,"href":"https:\/\/www.elkezeitlos.de\/wordpress\/wp-json\/wp\/v2\/comments?post=20"}],"version-history":[{"count":35,"href":"https:\/\/www.elkezeitlos.de\/wordpress\/wp-json\/wp\/v2\/pages\/20\/revisions"}],"predecessor-version":[{"id":657,"href":"https:\/\/www.elkezeitlos.de\/wordpress\/wp-json\/wp\/v2\/pages\/20\/revisions\/657"}],"wp:attachment":[{"href":"https:\/\/www.elkezeitlos.de\/wordpress\/wp-json\/wp\/v2\/media?parent=20"}],"curies":[{"name":"wp","href":"https:\/\/api.w.org\/{rel}","templated":true}]}}