{"id":224,"date":"2017-02-05T12:48:58","date_gmt":"2017-02-05T12:48:58","guid":{"rendered":"https:\/\/www.elkezeitlos.de\/wordpress\/?page_id=224"},"modified":"2019-07-15T13:48:37","modified_gmt":"2019-07-15T13:48:37","slug":"heilpraxis","status":"publish","type":"page","link":"https:\/\/www.elkezeitlos.de\/wordpress\/heilpraxis\/","title":{"rendered":"Heilpraxis"},"content":{"rendered":"\n<p>Als zertifizierte Heilpraktikerin habe ich eine ganzheitliche, energiemedizinische Ausrichtung mit Schwerpunkt auf K\u00f6rperarbeit. Meine Behandlungen biete ich in Einzelterminen, als auch in Gruppenarbeit an an. Hier kann ich u.a.Reflexzonenmassagen, Workshops \/ Ideenwerkst\u00e4tten zu Selbstwahrnehmung und K\u00f6rperarbeit sowie Kurse zur Ausf\u00fchrung der Reflexzonenmassage anbieten. <\/p>\n\n\n\n<h4><strong>Gedanken zur Heilpraxis<\/strong><\/h4>\n\n\n\n<div class=\"wp-block-image\"><figure class=\"alignright is-resized\"><a href=\"https:\/\/www.elkezeitlos.de\/wordpress\/wp-content\/uploads\/2017\/02\/20150405_102939.jpg\"><img decoding=\"async\" loading=\"lazy\" src=\"https:\/\/www.elkezeitlos.de\/wordpress\/wp-content\/uploads\/2017\/02\/20150405_102939.jpg\" alt=\"Fr\u00fchling\" class=\"wp-image-237\" width=\"299\" height=\"224\" srcset=\"https:\/\/www.elkezeitlos.de\/wordpress\/wp-content\/uploads\/2017\/02\/20150405_102939.jpg 640w, https:\/\/www.elkezeitlos.de\/wordpress\/wp-content\/uploads\/2017\/02\/20150405_102939-300x225.jpg 300w\" sizes=\"(max-width: 299px) 100vw, 299px\" \/><\/a><\/figure><\/div>\n\n\n\n<p><strong>Was ist es, was ich wirklich will? <\/strong> Diese Frage stellen wir uns oft&#8230;<\/p>\n\n\n\n<p>Meine Erfahrungen als Yogalehrerin und Heilpraktikerin zeigen mir immer wieder, wie wichtig es ist, sich auch im eigenen K\u00f6rper zu Hause zu f\u00fchlen.  Mein Fokus liegt auf dem GESUND-BLEIBEN! <br>Stressgef\u00fchle oder sogar Schmerzen k\u00f6nnen uns auf\u00a0 ungekl\u00e4rte Themen hinweisen&#8230; Gehen wir damit um &#8211; ver\u00e4ndern wir uns in Richtung ganzheitliches WOHLGEF\u00dcHL! <\/p>\n\n\n\n<p>Die Frage f\u00fcr Jede \/ Jeden ist: <strong>Was kann ICH TUN<\/strong>, damit ich mich wohl f\u00fchle? Kann ich gut schlafen, finde ich zur Ruhe? Wie ist es mit meinem Atem? F\u00fchle ich mich stark und auch beweglich? Empfinde ich Freude hier in meinem K\u00f6rper und meinem Leben? Oder gibt es etwas, das mich blockiert?<\/p>\n\n\n\n<p>Ich helfe ihnen gerne, darauf Antworten zu finden!<br><\/p>\n","protected":false},"excerpt":{"rendered":"<p>Als zertifizierte Heilpraktikerin habe ich eine ganzheitliche, energiemedizinische Ausrichtung mit Schwerpunkt auf K\u00f6rperarbeit. Meine Behandlungen biete ich in Einzelterminen, als auch in Gruppenarbeit an an. Hier kann ich u.a.Reflexzonenmassagen, Workshops \/ Ideenwerkst\u00e4tten zu Selbstwahrnehmung und K\u00f6rperarbeit sowie Kurse zur Ausf\u00fchrung der Reflexzonenmassage anbieten. Gedanken zur Heilpraxis Was ist es, was ich wirklich will? Diese Frage [&hellip;]<\/p>\n","protected":false},"author":2,"featured_media":0,"parent":0,"menu_order":0,"comment_status":"closed","ping_status":"closed","template":"","meta":[],"_links":{"self":[{"href":"https:\/\/www.elkezeitlos.de\/wordpress\/wp-json\/wp\/v2\/pages\/224"}],"collection":[{"href":"https:\/\/www.elkezeitlos.de\/wordpress\/wp-json\/wp\/v2\/pages"}],"about":[{"href":"https:\/\/www.elkezeitlos.de\/wordpress\/wp-json\/wp\/v2\/types\/page"}],"author":[{"embeddable":true,"href":"https:\/\/www.elkezeitlos.de\/wordpress\/wp-json\/wp\/v2\/users\/2"}],"replies":[{"embeddable":true,"href":"https:\/\/www.elkezeitlos.de\/wordpress\/wp-json\/wp\/v2\/comments?post=224"}],"version-history":[{"count":8,"href":"https:\/\/www.elkezeitlos.de\/wordpress\/wp-json\/wp\/v2\/pages\/224\/revisions"}],"predecessor-version":[{"id":538,"href":"https:\/\/www.elkezeitlos.de\/wordpress\/wp-json\/wp\/v2\/pages\/224\/revisions\/538"}],"wp:attachment":[{"href":"https:\/\/www.elkezeitlos.de\/wordpress\/wp-json\/wp\/v2\/media?parent=224"}],"curies":[{"name":"wp","href":"https:\/\/api.w.org\/{rel}","templated":true}]}}