{"id":289,"date":"2017-03-19T20:06:24","date_gmt":"2017-03-19T20:06:24","guid":{"rendered":"https:\/\/www.elkezeitlos.de\/wordpress\/?page_id=289"},"modified":"2022-01-07T15:00:27","modified_gmt":"2022-01-07T15:00:27","slug":"reflexologie-austauschtreffen-berlin","status":"publish","type":"page","link":"https:\/\/www.elkezeitlos.de\/wordpress\/reflexologie-austauschtreffen-berlin\/","title":{"rendered":"Reflexologie Austauschtreffen Berlin"},"content":{"rendered":"\n<figure class=\"wp-block-image\"><img decoding=\"async\" src=\"https:\/\/www.elkezeitlos.de\/wordpress\/wp-content\/uploads\/2015\/09\/refelexologie-web-1.jpg\" alt=\"Elke Jentschke Reflexologie\"\/><\/figure>\n\n\n\n<p><span style=\"font-family: Open Sans,sans-serif;\"><span style=\"font-size: medium;\"><strong>AUSTAUSCHTREFFEN\u00a0 TERMINE\u00a0 <\/strong><\/span><\/span><br>Bitte telefonisch erfragen!<\/p>\n\n\n\n<p>Nehmen wir uns Zeit, in Ber\u00fchrung mit anderen Interessierten zu kommen!<\/p>\n\n\n\n<p>Die Fu\u00dfreflexzonenmassage oder auch \u201eFu\u00dfzonenharmonisierung\u201c, ist eine wundervolle Methode, um in die eigene Mitte zu kommen und Kraft zu tanken!<\/p>\n\n\n\n<p><\/p>\n\n\n\n<p><\/p>\n\n\n\n<p><strong>Melden Sie sich gerne an!<\/strong><\/p>\n\n\n\n<p>Nach einem kleinen Einf\u00fchrungsvortrag (ca. 30 Minuten mit Skript) gibt es die M\u00f6glichkeit selbst aktiv zu werden.<\/p>\n\n\n\n<p><strong>Beginn:<\/strong> 17.00Uhr, Eintreffen ab 16.30 Uhr<\/p>\n\n\n\n<p><strong>Ende:<\/strong> voraussichtlich 21.00 Uhr<\/p>\n\n\n\n<p><strong>Eingeladen sind alle, die an der Massage der F\u00fc\u00dfe, H\u00e4nde und Ohren interessiert sind!<\/strong><\/p>\n\n\n\n<p>Mehr Informationen unter: <a href=\"http:\/\/www.deutscherreflexologenverein.de \">www.deutscherreflexologenverein.de<\/a><\/p>\n","protected":false},"excerpt":{"rendered":"<p>AUSTAUSCHTREFFEN\u00a0 TERMINE\u00a0 Bitte telefonisch erfragen! Nehmen wir uns Zeit, in Ber\u00fchrung mit anderen Interessierten zu kommen! Die Fu\u00dfreflexzonenmassage oder auch \u201eFu\u00dfzonenharmonisierung\u201c, ist eine wundervolle Methode, um in die eigene Mitte zu kommen und Kraft zu tanken! Melden Sie sich gerne an! Nach einem kleinen Einf\u00fchrungsvortrag (ca. 30 Minuten mit Skript) gibt es die M\u00f6glichkeit selbst [&hellip;]<\/p>\n","protected":false},"author":2,"featured_media":0,"parent":0,"menu_order":0,"comment_status":"closed","ping_status":"closed","template":"template-fullwidth.php","meta":[],"_links":{"self":[{"href":"https:\/\/www.elkezeitlos.de\/wordpress\/wp-json\/wp\/v2\/pages\/289"}],"collection":[{"href":"https:\/\/www.elkezeitlos.de\/wordpress\/wp-json\/wp\/v2\/pages"}],"about":[{"href":"https:\/\/www.elkezeitlos.de\/wordpress\/wp-json\/wp\/v2\/types\/page"}],"author":[{"embeddable":true,"href":"https:\/\/www.elkezeitlos.de\/wordpress\/wp-json\/wp\/v2\/users\/2"}],"replies":[{"embeddable":true,"href":"https:\/\/www.elkezeitlos.de\/wordpress\/wp-json\/wp\/v2\/comments?post=289"}],"version-history":[{"count":16,"href":"https:\/\/www.elkezeitlos.de\/wordpress\/wp-json\/wp\/v2\/pages\/289\/revisions"}],"predecessor-version":[{"id":621,"href":"https:\/\/www.elkezeitlos.de\/wordpress\/wp-json\/wp\/v2\/pages\/289\/revisions\/621"}],"wp:attachment":[{"href":"https:\/\/www.elkezeitlos.de\/wordpress\/wp-json\/wp\/v2\/media?parent=289"}],"curies":[{"name":"wp","href":"https:\/\/api.w.org\/{rel}","templated":true}]}}