{"id":363,"date":"2017-09-24T18:36:26","date_gmt":"2017-09-24T18:36:26","guid":{"rendered":"https:\/\/www.elkezeitlos.de\/wordpress\/?page_id=363"},"modified":"2019-03-03T11:34:43","modified_gmt":"2019-03-03T11:34:43","slug":"magie-des-jetzt","status":"publish","type":"page","link":"https:\/\/www.elkezeitlos.de\/wordpress\/heilpraxis\/magie-des-jetzt\/","title":{"rendered":"Magie des Jetzt"},"content":{"rendered":"<p><img decoding=\"async\" loading=\"lazy\" class=\"aligncenter size-large wp-image-487\" src=\"https:\/\/www.elkezeitlos.de\/wordpress\/wp-content\/uploads\/2019\/02\/Magie-des-Jetzt_Foto2-724x1024.jpg\" alt=\"\" width=\"590\" height=\"834\" srcset=\"https:\/\/www.elkezeitlos.de\/wordpress\/wp-content\/uploads\/2019\/02\/Magie-des-Jetzt_Foto2-724x1024.jpg 724w, https:\/\/www.elkezeitlos.de\/wordpress\/wp-content\/uploads\/2019\/02\/Magie-des-Jetzt_Foto2-212x300.jpg 212w, https:\/\/www.elkezeitlos.de\/wordpress\/wp-content\/uploads\/2019\/02\/Magie-des-Jetzt_Foto2-768x1086.jpg 768w, https:\/\/www.elkezeitlos.de\/wordpress\/wp-content\/uploads\/2019\/02\/Magie-des-Jetzt_Foto2.jpg 794w\" sizes=\"(max-width: 590px) 100vw, 590px\" \/><strong>Wir freuen uns wieder eine M\u00f6glichkeit bieten zu k\u00f6nnen&#8212; ganz ins JETZT einzutauchen!!! Merk DIR den 23. M\u00e4rz vor&#8230; und sei dabei&#8230;<br \/>\n<\/strong><\/p>\n<p><img decoding=\"async\" loading=\"lazy\" class=\"alignnone wp-image-374 aligncenter\" src=\"https:\/\/www.elkezeitlos.de\/wordpress\/wp-content\/uploads\/2017\/09\/Magie.jpg\" alt=\"\" width=\"541\" height=\"361\" srcset=\"https:\/\/www.elkezeitlos.de\/wordpress\/wp-content\/uploads\/2017\/09\/Magie.jpg 906w, https:\/\/www.elkezeitlos.de\/wordpress\/wp-content\/uploads\/2017\/09\/Magie-300x200.jpg 300w, https:\/\/www.elkezeitlos.de\/wordpress\/wp-content\/uploads\/2017\/09\/Magie-768x512.jpg 768w\" sizes=\"(max-width: 541px) 100vw, 541px\" \/><\/p>\n<p style=\"text-align: center;\"><strong>Die Magie des Jetzt \u2013 Leben in Leichtigkeit<\/strong><\/p>\n<p style=\"text-align: center;\">\u2022 M\u00f6chtest du mehr Leichtigkeit und Sinnlichkeit in dein Leben bringen?<br \/>\n\u2022 Was ist das Geheimnis von Menschen, die in den unterschiedlichsten Situationen Frieden und Gelassenheit ausstrahlen?<br \/>\n\u2022 Welche M\u00f6glichkeiten haben wir, unserem Alltag eine positive Wendung zu geben?<\/p>\n<p style=\"text-align: center;\">Nehmen wir uns Zeit&#8230;schaffen uns Raum&#8230; tauchen wir ein, in die Kraft des Moments, der uns l\u00e4cheln l\u00e4sst&#8230;<\/p>\n<p style=\"text-align: center;\"><strong>Workshop &#8222;Magie des Jetzt&#8220;<\/strong><strong><br \/>\n<\/strong><br \/>\nmit Elke Jentschke &amp; J\u00f6rg Eberhardt<\/p>\n<p style=\"text-align: center;\">Wir laden dich ein, mit uns diesen Raum des Seins zu erkunden. Anhand erprobter Methoden werden wir die Magie des Jetzt erleben: Stille, Bewegung, Gespr\u00e4ch, T\u00f6nen\u2026<br \/>\nDorf erf\u00e4hrst du dich als Sch\u00f6pfer deines Lebens. Wir freuen uns auf dich.<\/p>\n<p style=\"text-align: center;\">J\u00f6rg &amp; Elke<\/p>\n<p style=\"text-align: center;\">Kontakt und Anmeldung: J\u00f6rg Eberhardt, <a href=\"mailto:info@see-your-way.d\">info@see-your-way.d<\/a>e, 0174 9332130<\/p>\n<p style=\"text-align: center;\">Elke Jentschke, <a href=\"mailto:elkezeitlos@web.de\">elkezeitlos@web.de<\/a>, 01520 8209830<\/p>\n<p style=\"text-align: center;\">\n","protected":false},"excerpt":{"rendered":"<p>Wir freuen uns wieder eine M\u00f6glichkeit bieten zu k\u00f6nnen&#8212; ganz ins JETZT einzutauchen!!! Merk DIR den 23. M\u00e4rz vor&#8230; und sei dabei&#8230; Die Magie des Jetzt \u2013 Leben in Leichtigkeit \u2022 M\u00f6chtest du mehr Leichtigkeit und Sinnlichkeit in dein Leben bringen? \u2022 Was ist das Geheimnis von Menschen, die in den unterschiedlichsten Situationen Frieden und [&hellip;]<\/p>\n","protected":false},"author":2,"featured_media":0,"parent":224,"menu_order":0,"comment_status":"closed","ping_status":"closed","template":"template-fullwidth.php","meta":[],"_links":{"self":[{"href":"https:\/\/www.elkezeitlos.de\/wordpress\/wp-json\/wp\/v2\/pages\/363"}],"collection":[{"href":"https:\/\/www.elkezeitlos.de\/wordpress\/wp-json\/wp\/v2\/pages"}],"about":[{"href":"https:\/\/www.elkezeitlos.de\/wordpress\/wp-json\/wp\/v2\/types\/page"}],"author":[{"embeddable":true,"href":"https:\/\/www.elkezeitlos.de\/wordpress\/wp-json\/wp\/v2\/users\/2"}],"replies":[{"embeddable":true,"href":"https:\/\/www.elkezeitlos.de\/wordpress\/wp-json\/wp\/v2\/comments?post=363"}],"version-history":[{"count":9,"href":"https:\/\/www.elkezeitlos.de\/wordpress\/wp-json\/wp\/v2\/pages\/363\/revisions"}],"predecessor-version":[{"id":501,"href":"https:\/\/www.elkezeitlos.de\/wordpress\/wp-json\/wp\/v2\/pages\/363\/revisions\/501"}],"up":[{"embeddable":true,"href":"https:\/\/www.elkezeitlos.de\/wordpress\/wp-json\/wp\/v2\/pages\/224"}],"wp:attachment":[{"href":"https:\/\/www.elkezeitlos.de\/wordpress\/wp-json\/wp\/v2\/media?parent=363"}],"curies":[{"name":"wp","href":"https:\/\/api.w.org\/{rel}","templated":true}]}}