{"id":385,"date":"2018-01-06T13:09:36","date_gmt":"2018-01-06T13:09:36","guid":{"rendered":"https:\/\/www.elkezeitlos.de\/wordpress\/?page_id=385"},"modified":"2019-02-13T16:21:19","modified_gmt":"2019-02-13T16:21:19","slug":"praevention","status":"publish","type":"page","link":"https:\/\/www.elkezeitlos.de\/wordpress\/praevention\/","title":{"rendered":"Pr\u00e4vention"},"content":{"rendered":"<p>Ich liebe es praktisch!<\/p>\n<p>Im Folgenden sind ausgew\u00e4hlte \u00dcbungen zur<span style=\"color: #800080;\"><a style=\"color: #800080;\" href=\"https:\/\/netzwerken.berlin\/event-berichte\/achtsam-und-im-moment\/?utm_source=Berliner+Unternehmer&amp;utm__campaign=27f9c8ef42-EMAIL_CAMPAIGN_2018_01_30_COPY_01&amp;utm_medium=email&amp;utm_term=0_10a61c9919-27f9c8ef42-57082673\"> ACHTSAMKEIT<\/a><\/span> f\u00fcr Zwischendurch zu finden!<\/p>\n<p>Besonders geeignet f\u00fcr kurze Arbeitspausen am Computer&#8230;<\/p>\n<p>Ich w\u00fcnsche viel Erfolg und Spa\u00df!!!<\/p>\n<div id=\"attachment_497\" style=\"width: 600px\" class=\"wp-caption aligncenter\"><img aria-describedby=\"caption-attachment-497\" decoding=\"async\" loading=\"lazy\" class=\"size-large wp-image-497\" src=\"https:\/\/www.elkezeitlos.de\/wordpress\/wp-content\/uploads\/2019\/02\/\u00dcbungen-zur-Achtsamkeit-mit-Zeichnung-724x1024.jpg\" alt=\"\" width=\"590\" height=\"834\" srcset=\"https:\/\/www.elkezeitlos.de\/wordpress\/wp-content\/uploads\/2019\/02\/\u00dcbungen-zur-Achtsamkeit-mit-Zeichnung-724x1024.jpg 724w, https:\/\/www.elkezeitlos.de\/wordpress\/wp-content\/uploads\/2019\/02\/\u00dcbungen-zur-Achtsamkeit-mit-Zeichnung-212x300.jpg 212w, https:\/\/www.elkezeitlos.de\/wordpress\/wp-content\/uploads\/2019\/02\/\u00dcbungen-zur-Achtsamkeit-mit-Zeichnung-768x1086.jpg 768w\" sizes=\"(max-width: 590px) 100vw, 590px\" \/><p id=\"caption-attachment-497\" class=\"wp-caption-text\">EPSON MFP image<\/p><\/div>\n<h1 style=\"text-align: center;\"><span style=\"color: #0000ff;\">Was macht uns zufrieden und gl\u00fccklich\u00a0 ???<\/span><\/h1>\n<h2 style=\"text-align: center;\"><span style=\"color: #0000ff;\">Das ist eine der\u00a0 Fragen, die\u00a0 wir uns ab und zu stellen&#8230;<\/span><\/h2>\n<h2 style=\"text-align: center;\"><span style=\"color: #000000;\">Es gibt keine WIRKLICHE Antwort &#8212; eher ein Gef\u00fchl der Stimmigkeit&#8230;<\/span><\/h2>\n<h2 style=\"text-align: center;\"><\/h2>\n<h2 style=\"text-align: center;\"><span style=\"color: #0000ff;\">Machen wir uns auf den Weg, das Leben so zu gestalten, dass es uns erf\u00fcllt&#8230;<\/span><\/h2>\n<h2 style=\"text-align: center;\"><span style=\"color: #0000ff;\">Welchen Bereichen sollten wir gen\u00fcgend Raum geben?<\/span><\/h2>\n<h2 style=\"text-align: center;\"><span style=\"color: #0000ff;\">Bewegung \/ K\u00f6rperlichkeit \/ Atem<\/span><\/h2>\n<h2 style=\"text-align: center;\"><span style=\"color: #0000ff;\">Konflikte l\u00f6sen \/ Blockaden aufsp\u00fcren\u00a0 \/ Befindlichkeiten wahrnehmen<\/span><\/h2>\n<h2 style=\"text-align: center;\"><span style=\"color: #0000ff;\">Gemeisames Erleben \/ Alleinsein\u00a0 genie\u00dfen<\/span><\/h2>\n<h2 style=\"text-align: center;\"><span style=\"color: #0000ff;\">Partnerschaft \/ Sexualit\u00e4t \/ Selbstliebe<\/span><\/h2>\n<h2 style=\"text-align: center;\"><span style=\"color: #0000ff;\">Ern\u00e4hrung \/ Schlaf <\/span><\/h2>\n<h2 style=\"text-align: center;\"><span style=\"color: #0000ff;\">Umgang mit Schmerzen <\/span><\/h2>\n<h2 style=\"text-align: center;\"><span style=\"color: #0000ff;\">Was geh\u00f6rt noch dazu ?<\/span><\/h2>\n<p>&nbsp;<\/p>\n<p>&nbsp;<\/p>\n","protected":false},"excerpt":{"rendered":"<p>Ich liebe es praktisch! Im Folgenden sind ausgew\u00e4hlte \u00dcbungen zur ACHTSAMKEIT f\u00fcr Zwischendurch zu finden! Besonders geeignet f\u00fcr kurze Arbeitspausen am Computer&#8230; Ich w\u00fcnsche viel Erfolg und Spa\u00df!!! Was macht uns zufrieden und gl\u00fccklich\u00a0 ??? Das ist eine der\u00a0 Fragen, die\u00a0 wir uns ab und zu stellen&#8230; Es gibt keine WIRKLICHE Antwort &#8212; eher ein [&hellip;]<\/p>\n","protected":false},"author":2,"featured_media":0,"parent":0,"menu_order":0,"comment_status":"closed","ping_status":"closed","template":"","meta":[],"_links":{"self":[{"href":"https:\/\/www.elkezeitlos.de\/wordpress\/wp-json\/wp\/v2\/pages\/385"}],"collection":[{"href":"https:\/\/www.elkezeitlos.de\/wordpress\/wp-json\/wp\/v2\/pages"}],"about":[{"href":"https:\/\/www.elkezeitlos.de\/wordpress\/wp-json\/wp\/v2\/types\/page"}],"author":[{"embeddable":true,"href":"https:\/\/www.elkezeitlos.de\/wordpress\/wp-json\/wp\/v2\/users\/2"}],"replies":[{"embeddable":true,"href":"https:\/\/www.elkezeitlos.de\/wordpress\/wp-json\/wp\/v2\/comments?post=385"}],"version-history":[{"count":7,"href":"https:\/\/www.elkezeitlos.de\/wordpress\/wp-json\/wp\/v2\/pages\/385\/revisions"}],"predecessor-version":[{"id":500,"href":"https:\/\/www.elkezeitlos.de\/wordpress\/wp-json\/wp\/v2\/pages\/385\/revisions\/500"}],"wp:attachment":[{"href":"https:\/\/www.elkezeitlos.de\/wordpress\/wp-json\/wp\/v2\/media?parent=385"}],"curies":[{"name":"wp","href":"https:\/\/api.w.org\/{rel}","templated":true}]}}