{"id":511,"date":"2019-07-13T11:25:27","date_gmt":"2019-07-13T11:25:27","guid":{"rendered":"https:\/\/www.elkezeitlos.de\/wordpress\/?page_id=511"},"modified":"2019-07-16T11:17:57","modified_gmt":"2019-07-16T11:17:57","slug":"altenpflege-demenz","status":"publish","type":"page","link":"https:\/\/www.elkezeitlos.de\/wordpress\/altenpflege-demenz\/","title":{"rendered":"Altenpflege &#038; Demenz"},"content":{"rendered":"\n<p>Neben meiner T\u00e4tigkeit als Yogalehrerin, Reflexologin und Heilpraktierin bin ich  Pflegekraft in der homosexuellen WG &#8222;Lebensort Vielfalt&#8220;. <\/p>\n\n\n\n<p>Dort biete ich auch ehrenamtlich jeden Freitag Yoga-Anleitung f\u00fcr Menschen mit Bewegungseinschr\u00e4nkungen an. Dazu finden sie mehr Informationen unter &#8222;Yoga&#8220;.<\/p>\n\n\n\n<p>Au\u00dferdem bin ich hier in der Sterbebegleitung sowie Angeh\u00f6rigenberatung aktiv. <\/p>\n\n\n\n<p>Nehmen Sie gerne mit mir Kontakt auf, wenn Sie hier Unterst\u00fctzung brauchen. <\/p>\n\n\n\n<h4><strong>Wie ich durch meine Berufserfahrung gelernt habe, mit Demenz umzugehen<\/strong><\/h4>\n\n\n\n<p>Demenz \u2013 Was bedeutet das?<\/p>\n\n\n\n<p>Sind wir nicht alle mal vergesslich\u2026?<br>\nWann kann soll\/muss man von Demenz sprechen\u2026?<br>\nKann man \/ frau sich sch\u00fctzen?<br>\nFragen, auf die es keine eindeutigen Antworten geben kann!<br>\nWie so oft im Leben!<br>\nDoch die Besch\u00e4ftigung mit der Materie bringt etwas Licht in dunkle Ahnungen.<\/p>\n\n\n\n<p>Wir k\u00f6nnen durch einen entspannten Umgang mit uns selbst und unseren N\u00e4chsten lernen, ANDERS mit Situationen umzugehen. Es scheint sinnvoll sich im Vorfeld mit EVENTUALIT\u00c4TEN vertraut zu machen!<\/p>\n\n\n\n<p>Wichtig ist das Einf\u00fchlen in die andere Person\u2026<br> \u2026ernst nehmen, was mein Gegen\u00fcber sagt oder fragt\u2026<br> Immer wieder antworten\u2026<\/p>\n\n\n\n<p>Bei Demenz k\u00f6nnen die verschiedenen Ebenen wegbrechen, sodass  Unsicherheit und Angst entstehen k\u00f6nnen.<br>Wir fragen uns vielleicht:<br> was kann ich tun?<\/p>\n\n\n\n<p>Als erstes: ruhig bleiben und \u2026 und tief durchatmen.<\/p>\n\n\n\n<p>Ich begleite Sie gerne auf diesem Weg. <\/p>\n","protected":false},"excerpt":{"rendered":"<p>Neben meiner T\u00e4tigkeit als Yogalehrerin, Reflexologin und Heilpraktierin bin ich Pflegekraft in der homosexuellen WG &#8222;Lebensort Vielfalt&#8220;. Dort biete ich auch ehrenamtlich jeden Freitag Yoga-Anleitung f\u00fcr Menschen mit Bewegungseinschr\u00e4nkungen an. Dazu finden sie mehr Informationen unter &#8222;Yoga&#8220;. Au\u00dferdem bin ich hier in der Sterbebegleitung sowie Angeh\u00f6rigenberatung aktiv. Nehmen Sie gerne mit mir Kontakt auf, wenn [&hellip;]<\/p>\n","protected":false},"author":2,"featured_media":0,"parent":0,"menu_order":0,"comment_status":"closed","ping_status":"closed","template":"","meta":[],"_links":{"self":[{"href":"https:\/\/www.elkezeitlos.de\/wordpress\/wp-json\/wp\/v2\/pages\/511"}],"collection":[{"href":"https:\/\/www.elkezeitlos.de\/wordpress\/wp-json\/wp\/v2\/pages"}],"about":[{"href":"https:\/\/www.elkezeitlos.de\/wordpress\/wp-json\/wp\/v2\/types\/page"}],"author":[{"embeddable":true,"href":"https:\/\/www.elkezeitlos.de\/wordpress\/wp-json\/wp\/v2\/users\/2"}],"replies":[{"embeddable":true,"href":"https:\/\/www.elkezeitlos.de\/wordpress\/wp-json\/wp\/v2\/comments?post=511"}],"version-history":[{"count":7,"href":"https:\/\/www.elkezeitlos.de\/wordpress\/wp-json\/wp\/v2\/pages\/511\/revisions"}],"predecessor-version":[{"id":574,"href":"https:\/\/www.elkezeitlos.de\/wordpress\/wp-json\/wp\/v2\/pages\/511\/revisions\/574"}],"wp:attachment":[{"href":"https:\/\/www.elkezeitlos.de\/wordpress\/wp-json\/wp\/v2\/media?parent=511"}],"curies":[{"name":"wp","href":"https:\/\/api.w.org\/{rel}","templated":true}]}}