{"id":557,"date":"2019-07-15T14:36:18","date_gmt":"2019-07-15T14:36:18","guid":{"rendered":"https:\/\/www.elkezeitlos.de\/wordpress\/?page_id=557"},"modified":"2019-07-15T14:36:43","modified_gmt":"2019-07-15T14:36:43","slug":"yoga-fuer-die-aeltere-generation","status":"publish","type":"page","link":"https:\/\/www.elkezeitlos.de\/wordpress\/yoga-fuer-die-aeltere-generation\/","title":{"rendered":"Yoga f\u00fcr die \u00e4ltere Generation"},"content":{"rendered":"\n<p>Derzeit biete ich ehrenamtlich im Lebensort Vielfalt eine Yoga-Stunde f\u00fcr die \u00e4ltere Generation an. Hier gehe ich besonders auf die Bed\u00fcrfnisse von k\u00f6rperlich eingeschr\u00e4nkten Personen ein und helfe ihnen mit den \u00dcbungen zu mehr Beweglichkeit und Lebensfreude. <\/p>\n\n\n\n<p>Jeden Freitag, 11 Uhr &#8211; 12:30 Uhr<br>Lebensort Vielfalt<br>Niebuhrstra\u00dfe 59-60<br>10245 Berlin<\/p>\n","protected":false},"excerpt":{"rendered":"<p>Derzeit biete ich ehrenamtlich im Lebensort Vielfalt eine Yoga-Stunde f\u00fcr die \u00e4ltere Generation an. Hier gehe ich besonders auf die Bed\u00fcrfnisse von k\u00f6rperlich eingeschr\u00e4nkten Personen ein und helfe ihnen mit den \u00dcbungen zu mehr Beweglichkeit und Lebensfreude. Jeden Freitag, 11 Uhr &#8211; 12:30 UhrLebensort VielfaltNiebuhrstra\u00dfe 59-6010245 Berlin<\/p>\n","protected":false},"author":2,"featured_media":0,"parent":0,"menu_order":0,"comment_status":"closed","ping_status":"closed","template":"","meta":[],"_links":{"self":[{"href":"https:\/\/www.elkezeitlos.de\/wordpress\/wp-json\/wp\/v2\/pages\/557"}],"collection":[{"href":"https:\/\/www.elkezeitlos.de\/wordpress\/wp-json\/wp\/v2\/pages"}],"about":[{"href":"https:\/\/www.elkezeitlos.de\/wordpress\/wp-json\/wp\/v2\/types\/page"}],"author":[{"embeddable":true,"href":"https:\/\/www.elkezeitlos.de\/wordpress\/wp-json\/wp\/v2\/users\/2"}],"replies":[{"embeddable":true,"href":"https:\/\/www.elkezeitlos.de\/wordpress\/wp-json\/wp\/v2\/comments?post=557"}],"version-history":[{"count":2,"href":"https:\/\/www.elkezeitlos.de\/wordpress\/wp-json\/wp\/v2\/pages\/557\/revisions"}],"predecessor-version":[{"id":562,"href":"https:\/\/www.elkezeitlos.de\/wordpress\/wp-json\/wp\/v2\/pages\/557\/revisions\/562"}],"wp:attachment":[{"href":"https:\/\/www.elkezeitlos.de\/wordpress\/wp-json\/wp\/v2\/media?parent=557"}],"curies":[{"name":"wp","href":"https:\/\/api.w.org\/{rel}","templated":true}]}}