{"id":598,"date":"2021-09-02T16:20:54","date_gmt":"2021-09-02T16:20:54","guid":{"rendered":"https:\/\/www.elkezeitlos.de\/wordpress\/?page_id=598"},"modified":"2024-02-28T19:54:28","modified_gmt":"2024-02-28T19:54:28","slug":"frauenkreis","status":"publish","type":"page","link":"https:\/\/www.elkezeitlos.de\/wordpress\/frauenkreis\/","title":{"rendered":"Frauenkreis"},"content":{"rendered":"\n<p>Im Aquariana treffen sich inzwischen schon einige wundervolle Frauen, die gemeinsam ihr Potential entfalten!!! <\/p>\n\n\n\n<p>Termine finden sich auf der Seite des <a href=\"https:\/\/www.aquariana.de\/kalendarium\/aktuell\"><strong>Aquariana<\/strong><\/a>.<\/p>\n\n\n\n<p><strong><a href=\"https:\/\/www.aquariana.de\/ueber-uns\/therapeutinnen-und-dozentinnen\/team?id=69\">F\u00fchl dich eingeladen dabei zu sein!<\/a><\/strong><\/p>\n\n\n\n<p>Es ist f\u00fcr Frauen jeden Alters&#8230; wir unterst\u00fctzen uns gegenseitig.<\/p>\n\n\n\n<p>Entfache dein Feuer und die Urkraft der Weiblichkeit in dir!<\/p>\n\n\n\n<figure class=\"wp-block-image size-large\"><a href=\"https:\/\/www.elkezeitlos.de\/wordpress\/wp-content\/uploads\/2021\/09\/IMG_20210902_184607_edit_515725906415054-min-e1709149968334.jpg\"><img decoding=\"async\" src=\"https:\/\/www.elkezeitlos.de\/wordpress\/wp-content\/uploads\/2021\/09\/IMG_20210902_184607_edit_515725906415054-min-1024x918.jpg\" alt=\"\" class=\"wp-image-610\"\/><\/a><\/figure>\n\n\n\n<p><strong>Wer?<\/strong>   Elke Gottlieb <\/p>\n\n\n\n<p><strong>Wann?<\/strong> Siehe <a href=\"https:\/\/www.aquariana.de\/kalendarium\/aktuell\">Terminplan Aquariana<\/a>.<\/p>\n\n\n\n<p><strong>3 Stunden &#8211; ZEIT nur f\u00fcr DICH !<\/strong><\/p>\n\n\n\n<p><strong>Wo?<\/strong>  <a href=\"https:\/\/www.aquariana.de\/\">Aquariana Praxis- und Seminarzentrum<\/a>, Am Tempelhofer Berg 7d, 10965 Berlin-Kreuzberg<\/p>\n\n\n\n<p><strong>Was du brauchst?<\/strong> Bequeme Kleidung, einen kleinen Snack f\u00fcr die Pause und Lust, dich selbst neu zu entdecken.<\/p>\n\n\n\n<p><strong>Kosten:<\/strong> 35 Euro p.P. pro Einheit. Anmeldung bei Elke Gottlieb 0152 08209830 oder elkezeitlos@web.de<\/p>\n\n\n\n<p><strong>\u00dcber unser Angebot:<\/strong> Wir haben unsere Zukunft in der Hand!  Wir geben uns Impulse, um deine Ich-St\u00e4rke, Kraft, Mut und Selbstbestimmung zu leben.  Mit Tanz, K\u00f6rperarbeit, kreativer Entfaltung, Enstspannung u.v.m.  <\/p>\n\n\n\n<p><strong>Bringe das Gl\u00fcck in dir selbst zum Leuchten!!<\/strong><\/p>\n\n\n\n<figure class=\"is-layout-flex wp-block-gallery-1 wp-block-gallery has-nested-images columns-default is-cropped\">\n<figure class=\"wp-block-image size-large\"><img decoding=\"async\" loading=\"lazy\" width=\"559\" height=\"397\" data-id=\"546\"  src=\"https:\/\/www.elkezeitlos.de\/wordpress\/wp-content\/uploads\/2019\/07\/Wie-wa\u0308rs-mit-GUT-FU\u0308HLEN_.jpg\" alt=\"\" class=\"wp-image-546\" srcset=\"https:\/\/www.elkezeitlos.de\/wordpress\/wp-content\/uploads\/2019\/07\/Wie-wa\u0308rs-mit-GUT-FU\u0308HLEN_.jpg 559w, https:\/\/www.elkezeitlos.de\/wordpress\/wp-content\/uploads\/2019\/07\/Wie-wa\u0308rs-mit-GUT-FU\u0308HLEN_-300x213.jpg 300w\" sizes=\"(max-width: 559px) 100vw, 559px\" \/><\/figure>\n<\/figure>\n\n\n\n<h4>Der Einstieg ist jederzeit m\u00f6glich \u2026 ich freue mich \u00fcber Frauen, die gerne dabei sein wollen!<\/h4>\n\n\n\n<p><\/p>\n","protected":false},"excerpt":{"rendered":"<p>Im Aquariana treffen sich inzwischen schon einige wundervolle Frauen, die gemeinsam ihr Potential entfalten!!! Termine finden sich auf der Seite des Aquariana. F\u00fchl dich eingeladen dabei zu sein! Es ist f\u00fcr Frauen jeden Alters&#8230; wir unterst\u00fctzen uns gegenseitig. Entfache dein Feuer und die Urkraft der Weiblichkeit in dir! Wer? Elke Gottlieb Wann? Siehe Terminplan Aquariana. [&hellip;]<\/p>\n","protected":false},"author":2,"featured_media":0,"parent":0,"menu_order":0,"comment_status":"closed","ping_status":"closed","template":"","meta":[],"_links":{"self":[{"href":"https:\/\/www.elkezeitlos.de\/wordpress\/wp-json\/wp\/v2\/pages\/598"}],"collection":[{"href":"https:\/\/www.elkezeitlos.de\/wordpress\/wp-json\/wp\/v2\/pages"}],"about":[{"href":"https:\/\/www.elkezeitlos.de\/wordpress\/wp-json\/wp\/v2\/types\/page"}],"author":[{"embeddable":true,"href":"https:\/\/www.elkezeitlos.de\/wordpress\/wp-json\/wp\/v2\/users\/2"}],"replies":[{"embeddable":true,"href":"https:\/\/www.elkezeitlos.de\/wordpress\/wp-json\/wp\/v2\/comments?post=598"}],"version-history":[{"count":15,"href":"https:\/\/www.elkezeitlos.de\/wordpress\/wp-json\/wp\/v2\/pages\/598\/revisions"}],"predecessor-version":[{"id":662,"href":"https:\/\/www.elkezeitlos.de\/wordpress\/wp-json\/wp\/v2\/pages\/598\/revisions\/662"}],"wp:attachment":[{"href":"https:\/\/www.elkezeitlos.de\/wordpress\/wp-json\/wp\/v2\/media?parent=598"}],"curies":[{"name":"wp","href":"https:\/\/api.w.org\/{rel}","templated":true}]}}